{"id":5798,"date":"2023-10-30T21:37:55","date_gmt":"2023-10-31T01:37:55","guid":{"rendered":"https:\/\/tivimatenederland.com\/3-tivimate-bonaire-ruckgabe-und-ruckerstattungsrichtlinien\/"},"modified":"2024-04-24T23:36:50","modified_gmt":"2024-04-25T03:36:50","slug":"3-tivimate-bonaire-ruckgabe-und-ruckerstattungsrichtlinien","status":"publish","type":"page","link":"https:\/\/tivimatenederland.com\/de\/3-tivimate-bonaire-ruckgabe-und-ruckerstattungsrichtlinien\/","title":{"rendered":"3. TiviMate Bonaire R\u00fcckgabe- und R\u00fcckerstattungsrichtlinien"},"content":{"rendered":"\t\t<div data-elementor-type=\"wp-page\" data-elementor-id=\"5798\" class=\"elementor elementor-5798 elementor-5433\" data-elementor-post-type=\"page\">\n\t\t\t\t<div class=\"elementor-element elementor-element-4d15b08 e-flex e-con-boxed e-con e-parent\" data-id=\"4d15b08\" data-element_type=\"container\" data-e-type=\"container\">\n\t\t\t\t\t<div class=\"e-con-inner\">\n\t\t<div class=\"elementor-element elementor-element-f2300ad e-con-full e-flex e-con e-child\" data-id=\"f2300ad\" data-element_type=\"container\" data-e-type=\"container\">\n\t\t\t\t<div class=\"elementor-element elementor-element-ed8580a elementor-widget__width-initial elementor-widget elementor-widget-text-editor\" data-id=\"ed8580a\" data-element_type=\"widget\" data-e-type=\"widget\" data-widget_type=\"text-editor.default\">\n\t\t\t\t<div class=\"elementor-widget-container\">\n\t\t\t\t\t\t\t\t\t<h3>TiviMate R\u00fcckgabe- und R\u00fcckerstattungsrichtlinien<\/h3>\n<p><strong>Sie haben das Recht, Ihre Bestellung innerhalb von 7 Tagen ohne Angabe von Gr\u00fcnden zu widerrufen.<br \/>\nNach Ablauf dieser 7 Tage erlischt jegliches Recht auf R\u00fcckerstattung. <\/strong><\/p>\n<p>Die Frist f\u00fcr die Stornierung einer Bestellung betr\u00e4gt 7 Tage ab dem Datum, an dem Sie die Ware erhalten oder Zugang zu unserem Service erhalten haben oder an dem ein von Ihnen benannter Dritter, der nicht der Bef\u00f6rderer ist, das gelieferte Produkt in Besitz genommen hat.<\/p>\n<p>Um Ihr Widerrufsrecht auszu\u00fcben, m\u00fcssen Sie uns mittels einer eindeutigen Erkl\u00e4rung \u00fcber Ihren Entschluss informieren.<br \/>\nIm Falle einer Dienstleistung geben Sie bitte Ihren Benutzernamen an. <\/p>\n<p><strong>Sie k\u00f6nnen uns benachrichtigen, indem Sie ein Ticket auf unserer Website erstellen.<\/strong>  Erstellen Sie ein Ticket auf unserer Website mit dem Betreff &#8222;Antrag auf R\u00fcckerstattung&#8220; und beschreiben Sie in Ihrer Nachricht die Probleme, die Sie haben, und den Grund f\u00fcr diese Anfrage.<br \/>\n<strong>Bitte geben Sie in Ihrer Nachricht den Benutzernamen an, den<\/strong> Sie von uns f\u00fcr die Nutzung unseres Dienstes erhalten haben. <\/p>\n<p>Wir erstatten Ihnen den Kaufpreis sp\u00e4testens 30 Tage ab dem Tag, an dem wir die zur\u00fcckgesandte Ware erhalten haben.<br \/>\nWir verwenden dieselbe Zahlungsmethode, die Sie f\u00fcr die Bestellung verwendet haben, und Ihnen wird eine solche R\u00fcckerstattung nicht in Rechnung gestellt. <\/p>\n<h4>Bedingungen f\u00fcr die R\u00fcckgabe:<\/h4>\n<p>Um sicherzustellen, dass die Waren f\u00fcr die R\u00fcckgabe in Frage kommen, m\u00fcssen Sie sicherstellen, dass:<\/p>\n<ul>\n<li>Die Waren oder Dienstleistungen wurden innerhalb der letzten 7 Tage gekauft<\/li>\n<li>Die Ware befindet sich in der Originalverpackung<\/li>\n<\/ul>\n<p>Die folgenden Waren k\u00f6nnen nicht zur\u00fcckgegeben werden und sind nicht erstattungsf\u00e4hig:<\/p>\n<ul>\n<li>Die Lieferung von Waren, die ma\u00dfgeschneidert oder personalisiert sind.<br \/>\nDazu geh\u00f6ren unter anderem Amazon Fire Stick, Google Chromecast mit Google TV und andere Ger\u00e4te, die von uns f\u00fcr die Nutzung unserer Dienste vorprogrammiert wurden. <\/li>\n<li>Die Lieferung von Waren, die aufgrund ihrer Beschaffenheit nicht f\u00fcr eine R\u00fccksendung geeignet sind, z. B. Waren, die schnell verderben oder deren Verfallsdatum \u00fcberschritten ist.<\/li>\n<li>Die Lieferung von Waren, die aus Gr\u00fcnden des Gesundheitsschutzes oder der Hygiene nicht zur R\u00fcckgabe geeignet sind und deren Versiegelung nach der Lieferung aufgebrochen wurde.<\/li>\n<li>Die Lieferung von Waren, die aufgrund ihrer Beschaffenheit nach der Lieferung untrennbar mit anderen Gegenst\u00e4nden vermischt werden.<\/li>\n<li>Wir bieten keine R\u00fcckerstattungen f\u00fcr Konten an, die gegen unsere Nutzungsbedingungen versto\u00dfen oder unseren Service f\u00fcr illegale Aktivit\u00e4ten genutzt haben.<\/li>\n<\/ul>\n<p>Wir behalten uns das Recht vor, nach eigenem Ermessen R\u00fccksendungen abzulehnen, die die oben genannten R\u00fcckgabebedingungen nicht erf\u00fcllen.<\/p>\n<h5>R\u00fcckgabe von Waren<\/h5>\n<p>Sie sind f\u00fcr die Kosten und das Risiko der R\u00fccksendung der Waren an uns verantwortlich.<\/p>\n<p>Wir k\u00f6nnen nicht f\u00fcr besch\u00e4digte oder verlorene Waren w\u00e4hrend der R\u00fccksendung verantwortlich gemacht werden.<br \/>\nWir sind nicht in der Lage, R\u00fcckerstattungen ohne tats\u00e4chlichen Erhalt der Ware oder ohne Nachweis der erhaltenen R\u00fccksendung zu leisten. <\/p>\n<h5> <\/h5>\n<h5>Geschenke:<\/h5>\n<p>Wenn die Ware beim Kauf als Geschenk gekennzeichnet und dann direkt an Sie versendet wurde, erhalten Sie einen Geschenkgutschein \u00fcber den Wert Ihrer R\u00fccksendung.<br \/>\nSobald das retournierte Produkt eingegangen ist, erhalten Sie einen Geschenkgutschein. <\/p>\n<p>Wenn die Ware zum Zeitpunkt des Kaufs nicht als Geschenk gekennzeichnet war oder wenn der Schenkende die Bestellung an sich selbst versenden lie\u00df, um sie Ihnen sp\u00e4ter zu schenken, senden wir die R\u00fcckerstattung an den Schenkenden.<\/p>\n<h5> <\/h5>\n<h5>Kontakt<\/h5>\n<p>Wenn Sie Fragen zu unseren R\u00fcckgabe- und R\u00fcckerstattungsrichtlinien haben, kontaktieren Sie uns bitte \u00fcber das Ticketsystem unserer Website.<\/p>\n\t\t\t\t\t\t\t\t<\/div>\n\t\t\t\t<\/div>\n\t\t\t\t<\/div>\n\t\t\t\t\t<\/div>\n\t\t\t\t<\/div>\n\t\t\t\t<\/div>\n\t\t","protected":false},"excerpt":{"rendered":"<p>TiviMate R\u00fcckgabe- und R\u00fcckerstattungsrichtlinien Sie haben das Recht, Ihre Bestellung innerhalb von 7 Tagen ohne Angabe von Gr\u00fcnden zu widerrufen. Nach Ablauf dieser 7 Tage erlischt jegliches Recht auf R\u00fcckerstattung. Die Frist f\u00fcr die Stornierung einer Bestellung betr\u00e4gt 7 Tage ab dem Datum, an dem Sie die Ware erhalten oder Zugang zu unserem Service erhalten [&hellip;]<\/p>\n","protected":false},"author":1,"featured_media":0,"parent":0,"menu_order":0,"comment_status":"closed","ping_status":"closed","template":"","meta":{"site-sidebar-layout":"no-sidebar","site-content-layout":"page-builder","ast-site-content-layout":"default","site-content-style":"default","site-sidebar-style":"default","ast-global-header-display":"","ast-banner-title-visibility":"","ast-main-header-display":"","ast-hfb-above-header-display":"","ast-hfb-below-header-display":"","ast-hfb-mobile-header-display":"","site-post-title":"disabled","ast-breadcrumbs-content":"disabled","ast-featured-img":"disabled","footer-sml-layout":"","ast-disable-related-posts":"","theme-transparent-header-meta":"enabled","adv-header-id-meta":"","stick-header-meta":"","header-above-stick-meta":"","header-main-stick-meta":"","header-below-stick-meta":"","astra-migrate-meta-layouts":"default","ast-page-background-enabled":"default","ast-page-background-meta":{"desktop":{"background-color":"","background-image":"","background-repeat":"repeat","background-position":"center center","background-size":"auto","background-attachment":"scroll","background-type":"","background-media":"","overlay-type":"","overlay-color":"","overlay-opacity":"","overlay-gradient":""},"tablet":{"background-color":"","background-image":"","background-repeat":"repeat","background-position":"center center","background-size":"auto","background-attachment":"scroll","background-type":"","background-media":"","overlay-type":"","overlay-color":"","overlay-opacity":"","overlay-gradient":""},"mobile":{"background-color":"","background-image":"","background-repeat":"repeat","background-position":"center center","background-size":"auto","background-attachment":"scroll","background-type":"","background-media":"","overlay-type":"","overlay-color":"","overlay-opacity":"","overlay-gradient":""}},"ast-content-background-meta":{"desktop":{"background-color":"var(--ast-global-color-5)","background-image":"","background-repeat":"repeat","background-position":"center center","background-size":"auto","background-attachment":"scroll","background-type":"","background-media":"","overlay-type":"","overlay-color":"","overlay-opacity":"","overlay-gradient":""},"tablet":{"background-color":"var(--ast-global-color-5)","background-image":"","background-repeat":"repeat","background-position":"center center","background-size":"auto","background-attachment":"scroll","background-type":"","background-media":"","overlay-type":"","overlay-color":"","overlay-opacity":"","overlay-gradient":""},"mobile":{"background-color":"var(--ast-global-color-5)","background-image":"","background-repeat":"repeat","background-position":"center center","background-size":"auto","background-attachment":"scroll","background-type":"","background-media":"","overlay-type":"","overlay-color":"","overlay-opacity":"","overlay-gradient":""}},"footnotes":""},"class_list":["post-5798","page","type-page","status-publish","hentry"],"_links":{"self":[{"href":"https:\/\/tivimatenederland.com\/de\/wp-json\/wp\/v2\/pages\/5798","targetHints":{"allow":["GET"]}}],"collection":[{"href":"https:\/\/tivimatenederland.com\/de\/wp-json\/wp\/v2\/pages"}],"about":[{"href":"https:\/\/tivimatenederland.com\/de\/wp-json\/wp\/v2\/types\/page"}],"author":[{"embeddable":true,"href":"https:\/\/tivimatenederland.com\/de\/wp-json\/wp\/v2\/users\/1"}],"replies":[{"embeddable":true,"href":"https:\/\/tivimatenederland.com\/de\/wp-json\/wp\/v2\/comments?post=5798"}],"version-history":[{"count":4,"href":"https:\/\/tivimatenederland.com\/de\/wp-json\/wp\/v2\/pages\/5798\/revisions"}],"predecessor-version":[{"id":7611,"href":"https:\/\/tivimatenederland.com\/de\/wp-json\/wp\/v2\/pages\/5798\/revisions\/7611"}],"wp:attachment":[{"href":"https:\/\/tivimatenederland.com\/de\/wp-json\/wp\/v2\/media?parent=5798"}],"curies":[{"name":"wp","href":"https:\/\/api.w.org\/{rel}","templated":true}]}}